{"id":3496,"date":"2025-01-15T08:06:25","date_gmt":"2025-01-15T08:06:25","guid":{"rendered":"https:\/\/www.montelektro.hr\/industries-food-beverage\/"},"modified":"2026-03-18T13:12:34","modified_gmt":"2026-03-18T13:12:34","slug":"prehrambena-industrija","status":"publish","type":"page","link":"https:\/\/www.montelektro.hr\/hr\/prehrambena-industrija\/","title":{"rendered":"Hrana i pi\u0107e"},"content":{"rendered":"","protected":false},"excerpt":{"rendered":"","protected":false},"author":48,"featured_media":0,"parent":0,"menu_order":0,"comment_status":"closed","ping_status":"closed","template":"page-templates\/industries.php","meta":{"_acf_changed":false,"footnotes":""},"class_list":["post-3496","page","type-page","status-publish","hentry"],"acf":[],"yoast_head":"<!-- This site is optimized with the Yoast SEO plugin v27.2 - https:\/\/yoast.com\/product\/yoast-seo-wordpress\/ -->\n<title>Hrana i pi\u0107e - Montelektro<\/title>\n<meta name=\"description\" content=\"Pove\u0107ajte efikasnost u prehrambenoj industriji uz vode\u0107a rje\u0161enja za modernizaciju i automatizaciju proizvodnje.\" \/>\n<meta name=\"robots\" content=\"index, follow, max-snippet:-1, max-image-preview:large, max-video-preview:-1\" \/>\n<meta property=\"og:locale\" content=\"hr_HR\" \/>\n<meta property=\"og:type\" content=\"article\" \/>\n<meta property=\"og:title\" content=\"Hrana i pi\u0107e - Montelektro\" \/>\n<meta property=\"og:description\" content=\"Pove\u0107ajte efikasnost u prehrambenoj industriji uz vode\u0107a rje\u0161enja za modernizaciju i automatizaciju proizvodnje.\" \/>\n<meta property=\"og:url\" content=\"https:\/\/www.montelektro.hr\/hr\/prehrambena-industrija\/\" \/>\n<meta property=\"og:site_name\" content=\"Montelektro\" \/>\n<meta property=\"article:modified_time\" content=\"2026-03-18T13:12:34+00:00\" \/>\n<meta name=\"twitter:card\" content=\"summary_large_image\" \/>\n<script type=\"application\/ld+json\" class=\"yoast-schema-graph\">{\"@context\":\"https:\/\/schema.org\",\"@graph\":[{\"@type\":\"WebPage\",\"@id\":\"https:\/\/www.montelektro.hr\/hr\/prehrambena-industrija\/\",\"url\":\"https:\/\/www.montelektro.hr\/hr\/prehrambena-industrija\/\",\"name\":\"Hrana i pi\u0107e - Montelektro\",\"isPartOf\":{\"@id\":\"https:\/\/www.montelektro.hr\/hr\/#website\"},\"datePublished\":\"2025-01-15T08:06:25+00:00\",\"dateModified\":\"2026-03-18T13:12:34+00:00\",\"description\":\"Pove\u0107ajte efikasnost u prehrambenoj industriji uz vode\u0107a rje\u0161enja za modernizaciju i automatizaciju proizvodnje.\",\"breadcrumb\":{\"@id\":\"https:\/\/www.montelektro.hr\/hr\/prehrambena-industrija\/#breadcrumb\"},\"inLanguage\":\"hr\",\"potentialAction\":[{\"@type\":\"ReadAction\",\"target\":[\"https:\/\/www.montelektro.hr\/hr\/prehrambena-industrija\/\"]}]},{\"@type\":\"BreadcrumbList\",\"@id\":\"https:\/\/www.montelektro.hr\/hr\/prehrambena-industrija\/#breadcrumb\",\"itemListElement\":[{\"@type\":\"ListItem\",\"position\":1,\"name\":\"Home\",\"item\":\"https:\/\/www.montelektro.hr\/hr\/\"},{\"@type\":\"ListItem\",\"position\":2,\"name\":\"Hrana i pi\u0107e\"}]},{\"@type\":\"WebSite\",\"@id\":\"https:\/\/www.montelektro.hr\/hr\/#website\",\"url\":\"https:\/\/www.montelektro.hr\/hr\/\",\"name\":\"Montelektro\",\"description\":\"\",\"publisher\":{\"@id\":\"https:\/\/www.montelektro.hr\/hr\/#organization\"},\"potentialAction\":[{\"@type\":\"SearchAction\",\"target\":{\"@type\":\"EntryPoint\",\"urlTemplate\":\"https:\/\/www.montelektro.hr\/hr\/?s={search_term_string}\"},\"query-input\":{\"@type\":\"PropertyValueSpecification\",\"valueRequired\":true,\"valueName\":\"search_term_string\"}}],\"inLanguage\":\"hr\"},{\"@type\":\"Organization\",\"@id\":\"https:\/\/www.montelektro.hr\/hr\/#organization\",\"name\":\"Montelektro\",\"url\":\"https:\/\/www.montelektro.hr\/hr\/\",\"logo\":{\"@type\":\"ImageObject\",\"inLanguage\":\"hr\",\"@id\":\"https:\/\/www.montelektro.hr\/hr\/#\/schema\/logo\/image\/\",\"url\":\"https:\/\/www.montelektro.hr\/wp-content\/uploads\/2025\/09\/placeholder_img.jpg\",\"contentUrl\":\"https:\/\/www.montelektro.hr\/wp-content\/uploads\/2025\/09\/placeholder_img.jpg\",\"width\":1068,\"height\":800,\"caption\":\"Montelektro\"},\"image\":{\"@id\":\"https:\/\/www.montelektro.hr\/hr\/#\/schema\/logo\/image\/\"}}]}<\/script>\n<!-- \/ Yoast SEO plugin. -->","yoast_head_json":{"title":"Hrana i pi\u0107e - Montelektro","description":"Pove\u0107ajte efikasnost u prehrambenoj industriji uz vode\u0107a rje\u0161enja za modernizaciju i automatizaciju proizvodnje.","robots":{"index":"index","follow":"follow","max-snippet":"max-snippet:-1","max-image-preview":"max-image-preview:large","max-video-preview":"max-video-preview:-1"},"og_locale":"hr_HR","og_type":"article","og_title":"Hrana i pi\u0107e - Montelektro","og_description":"Pove\u0107ajte efikasnost u prehrambenoj industriji uz vode\u0107a rje\u0161enja za modernizaciju i automatizaciju proizvodnje.","og_url":"https:\/\/www.montelektro.hr\/hr\/prehrambena-industrija\/","og_site_name":"Montelektro","article_modified_time":"2026-03-18T13:12:34+00:00","twitter_card":"summary_large_image","schema":{"@context":"https:\/\/schema.org","@graph":[{"@type":"WebPage","@id":"https:\/\/www.montelektro.hr\/hr\/prehrambena-industrija\/","url":"https:\/\/www.montelektro.hr\/hr\/prehrambena-industrija\/","name":"Hrana i pi\u0107e - Montelektro","isPartOf":{"@id":"https:\/\/www.montelektro.hr\/hr\/#website"},"datePublished":"2025-01-15T08:06:25+00:00","dateModified":"2026-03-18T13:12:34+00:00","description":"Pove\u0107ajte efikasnost u prehrambenoj industriji uz vode\u0107a rje\u0161enja za modernizaciju i automatizaciju proizvodnje.","breadcrumb":{"@id":"https:\/\/www.montelektro.hr\/hr\/prehrambena-industrija\/#breadcrumb"},"inLanguage":"hr","potentialAction":[{"@type":"ReadAction","target":["https:\/\/www.montelektro.hr\/hr\/prehrambena-industrija\/"]}]},{"@type":"BreadcrumbList","@id":"https:\/\/www.montelektro.hr\/hr\/prehrambena-industrija\/#breadcrumb","itemListElement":[{"@type":"ListItem","position":1,"name":"Home","item":"https:\/\/www.montelektro.hr\/hr\/"},{"@type":"ListItem","position":2,"name":"Hrana i pi\u0107e"}]},{"@type":"WebSite","@id":"https:\/\/www.montelektro.hr\/hr\/#website","url":"https:\/\/www.montelektro.hr\/hr\/","name":"Montelektro","description":"","publisher":{"@id":"https:\/\/www.montelektro.hr\/hr\/#organization"},"potentialAction":[{"@type":"SearchAction","target":{"@type":"EntryPoint","urlTemplate":"https:\/\/www.montelektro.hr\/hr\/?s={search_term_string}"},"query-input":{"@type":"PropertyValueSpecification","valueRequired":true,"valueName":"search_term_string"}}],"inLanguage":"hr"},{"@type":"Organization","@id":"https:\/\/www.montelektro.hr\/hr\/#organization","name":"Montelektro","url":"https:\/\/www.montelektro.hr\/hr\/","logo":{"@type":"ImageObject","inLanguage":"hr","@id":"https:\/\/www.montelektro.hr\/hr\/#\/schema\/logo\/image\/","url":"https:\/\/www.montelektro.hr\/wp-content\/uploads\/2025\/09\/placeholder_img.jpg","contentUrl":"https:\/\/www.montelektro.hr\/wp-content\/uploads\/2025\/09\/placeholder_img.jpg","width":1068,"height":800,"caption":"Montelektro"},"image":{"@id":"https:\/\/www.montelektro.hr\/hr\/#\/schema\/logo\/image\/"}}]}},"_links":{"self":[{"href":"https:\/\/www.montelektro.hr\/hr\/wp-json\/wp\/v2\/pages\/3496","targetHints":{"allow":["GET"]}}],"collection":[{"href":"https:\/\/www.montelektro.hr\/hr\/wp-json\/wp\/v2\/pages"}],"about":[{"href":"https:\/\/www.montelektro.hr\/hr\/wp-json\/wp\/v2\/types\/page"}],"author":[{"embeddable":true,"href":"https:\/\/www.montelektro.hr\/hr\/wp-json\/wp\/v2\/users\/48"}],"replies":[{"embeddable":true,"href":"https:\/\/www.montelektro.hr\/hr\/wp-json\/wp\/v2\/comments?post=3496"}],"version-history":[{"count":12,"href":"https:\/\/www.montelektro.hr\/hr\/wp-json\/wp\/v2\/pages\/3496\/revisions"}],"predecessor-version":[{"id":9094,"href":"https:\/\/www.montelektro.hr\/hr\/wp-json\/wp\/v2\/pages\/3496\/revisions\/9094"}],"wp:attachment":[{"href":"https:\/\/www.montelektro.hr\/hr\/wp-json\/wp\/v2\/media?parent=3496"}],"curies":[{"name":"wp","href":"https:\/\/api.w.org\/{rel}","templated":true}]}}