{"id":3474,"date":"2025-01-24T16:04:17","date_gmt":"2025-01-24T16:04:17","guid":{"rendered":"https:\/\/www.montelektro.hr\/other-industries\/"},"modified":"2026-02-05T12:09:59","modified_gmt":"2026-02-05T12:09:59","slug":"ostale-industrije","status":"publish","type":"page","link":"https:\/\/www.montelektro.hr\/hr\/ostale-industrije\/","title":{"rendered":"Ostale industrije"},"content":{"rendered":"","protected":false},"excerpt":{"rendered":"","protected":false},"author":48,"featured_media":3312,"parent":0,"menu_order":0,"comment_status":"closed","ping_status":"closed","template":"page-templates\/industries.php","meta":{"_acf_changed":false,"footnotes":""},"class_list":["post-3474","page","type-page","status-publish","has-post-thumbnail","hentry"],"acf":[],"yoast_head":"<!-- This site is optimized with the Yoast SEO plugin v27.2 - https:\/\/yoast.com\/product\/yoast-seo-wordpress\/ -->\n<title>Ostale industrije - Montelektro<\/title>\n<meta name=\"description\" content=\"Sveobuhvatna rje\u0161enja automatizacije i digitalizacije prilago\u0111ena razli\u010ditim industrijama \u2013 optimizirajte procese i pove\u0107ajte u\u010dinkovitost.\" \/>\n<meta name=\"robots\" content=\"index, follow, max-snippet:-1, max-image-preview:large, max-video-preview:-1\" \/>\n<meta property=\"og:locale\" content=\"hr_HR\" \/>\n<meta property=\"og:type\" content=\"article\" \/>\n<meta property=\"og:title\" content=\"Ostale industrije - Montelektro\" \/>\n<meta property=\"og:description\" content=\"Sveobuhvatna rje\u0161enja automatizacije i digitalizacije prilago\u0111ena razli\u010ditim industrijama \u2013 optimizirajte procese i pove\u0107ajte u\u010dinkovitost.\" \/>\n<meta property=\"og:url\" content=\"https:\/\/www.montelektro.hr\/hr\/ostale-industrije\/\" \/>\n<meta property=\"og:site_name\" content=\"Montelektro\" \/>\n<meta property=\"article:modified_time\" content=\"2026-02-05T12:09:59+00:00\" \/>\n<meta property=\"og:image\" content=\"https:\/\/www.montelektro.hr\/wp-content\/uploads\/2025\/06\/shutterstock_1727599432.jpg\" \/>\n\t<meta property=\"og:image:width\" content=\"1000\" \/>\n\t<meta property=\"og:image:height\" content=\"563\" \/>\n\t<meta property=\"og:image:type\" content=\"image\/jpeg\" \/>\n<meta name=\"twitter:card\" content=\"summary_large_image\" \/>\n<meta name=\"twitter:label1\" content=\"Procijenjeno vrijeme \u010ditanja\" \/>\n\t<meta name=\"twitter:data1\" content=\"1 minuta\" \/>\n<script type=\"application\/ld+json\" class=\"yoast-schema-graph\">{\"@context\":\"https:\/\/schema.org\",\"@graph\":[{\"@type\":\"WebPage\",\"@id\":\"https:\/\/www.montelektro.hr\/hr\/ostale-industrije\/\",\"url\":\"https:\/\/www.montelektro.hr\/hr\/ostale-industrije\/\",\"name\":\"Ostale industrije - Montelektro\",\"isPartOf\":{\"@id\":\"https:\/\/www.montelektro.hr\/hr\/#website\"},\"primaryImageOfPage\":{\"@id\":\"https:\/\/www.montelektro.hr\/hr\/ostale-industrije\/#primaryimage\"},\"image\":{\"@id\":\"https:\/\/www.montelektro.hr\/hr\/ostale-industrije\/#primaryimage\"},\"thumbnailUrl\":\"https:\/\/www.montelektro.hr\/wp-content\/uploads\/2025\/06\/shutterstock_1727599432.jpg\",\"datePublished\":\"2025-01-24T16:04:17+00:00\",\"dateModified\":\"2026-02-05T12:09:59+00:00\",\"description\":\"Sveobuhvatna rje\u0161enja automatizacije i digitalizacije prilago\u0111ena razli\u010ditim industrijama \u2013 optimizirajte procese i pove\u0107ajte u\u010dinkovitost.\",\"breadcrumb\":{\"@id\":\"https:\/\/www.montelektro.hr\/hr\/ostale-industrije\/#breadcrumb\"},\"inLanguage\":\"hr\",\"potentialAction\":[{\"@type\":\"ReadAction\",\"target\":[\"https:\/\/www.montelektro.hr\/hr\/ostale-industrije\/\"]}]},{\"@type\":\"ImageObject\",\"inLanguage\":\"hr\",\"@id\":\"https:\/\/www.montelektro.hr\/hr\/ostale-industrije\/#primaryimage\",\"url\":\"https:\/\/www.montelektro.hr\/wp-content\/uploads\/2025\/06\/shutterstock_1727599432.jpg\",\"contentUrl\":\"https:\/\/www.montelektro.hr\/wp-content\/uploads\/2025\/06\/shutterstock_1727599432.jpg\",\"width\":1000,\"height\":563},{\"@type\":\"BreadcrumbList\",\"@id\":\"https:\/\/www.montelektro.hr\/hr\/ostale-industrije\/#breadcrumb\",\"itemListElement\":[{\"@type\":\"ListItem\",\"position\":1,\"name\":\"Home\",\"item\":\"https:\/\/www.montelektro.hr\/hr\/\"},{\"@type\":\"ListItem\",\"position\":2,\"name\":\"Ostale industrije\"}]},{\"@type\":\"WebSite\",\"@id\":\"https:\/\/www.montelektro.hr\/hr\/#website\",\"url\":\"https:\/\/www.montelektro.hr\/hr\/\",\"name\":\"Montelektro\",\"description\":\"\",\"publisher\":{\"@id\":\"https:\/\/www.montelektro.hr\/hr\/#organization\"},\"potentialAction\":[{\"@type\":\"SearchAction\",\"target\":{\"@type\":\"EntryPoint\",\"urlTemplate\":\"https:\/\/www.montelektro.hr\/hr\/?s={search_term_string}\"},\"query-input\":{\"@type\":\"PropertyValueSpecification\",\"valueRequired\":true,\"valueName\":\"search_term_string\"}}],\"inLanguage\":\"hr\"},{\"@type\":\"Organization\",\"@id\":\"https:\/\/www.montelektro.hr\/hr\/#organization\",\"name\":\"Montelektro\",\"url\":\"https:\/\/www.montelektro.hr\/hr\/\",\"logo\":{\"@type\":\"ImageObject\",\"inLanguage\":\"hr\",\"@id\":\"https:\/\/www.montelektro.hr\/hr\/#\/schema\/logo\/image\/\",\"url\":\"https:\/\/www.montelektro.hr\/wp-content\/uploads\/2025\/09\/placeholder_img.jpg\",\"contentUrl\":\"https:\/\/www.montelektro.hr\/wp-content\/uploads\/2025\/09\/placeholder_img.jpg\",\"width\":1068,\"height\":800,\"caption\":\"Montelektro\"},\"image\":{\"@id\":\"https:\/\/www.montelektro.hr\/hr\/#\/schema\/logo\/image\/\"}}]}<\/script>\n<!-- \/ Yoast SEO plugin. -->","yoast_head_json":{"title":"Ostale industrije - Montelektro","description":"Sveobuhvatna rje\u0161enja automatizacije i digitalizacije prilago\u0111ena razli\u010ditim industrijama \u2013 optimizirajte procese i pove\u0107ajte u\u010dinkovitost.","robots":{"index":"index","follow":"follow","max-snippet":"max-snippet:-1","max-image-preview":"max-image-preview:large","max-video-preview":"max-video-preview:-1"},"og_locale":"hr_HR","og_type":"article","og_title":"Ostale industrije - Montelektro","og_description":"Sveobuhvatna rje\u0161enja automatizacije i digitalizacije prilago\u0111ena razli\u010ditim industrijama \u2013 optimizirajte procese i pove\u0107ajte u\u010dinkovitost.","og_url":"https:\/\/www.montelektro.hr\/hr\/ostale-industrije\/","og_site_name":"Montelektro","article_modified_time":"2026-02-05T12:09:59+00:00","og_image":[{"width":1000,"height":563,"url":"https:\/\/www.montelektro.hr\/wp-content\/uploads\/2025\/06\/shutterstock_1727599432.jpg","type":"image\/jpeg"}],"twitter_card":"summary_large_image","twitter_misc":{"Procijenjeno vrijeme \u010ditanja":"1 minuta"},"schema":{"@context":"https:\/\/schema.org","@graph":[{"@type":"WebPage","@id":"https:\/\/www.montelektro.hr\/hr\/ostale-industrije\/","url":"https:\/\/www.montelektro.hr\/hr\/ostale-industrije\/","name":"Ostale industrije - Montelektro","isPartOf":{"@id":"https:\/\/www.montelektro.hr\/hr\/#website"},"primaryImageOfPage":{"@id":"https:\/\/www.montelektro.hr\/hr\/ostale-industrije\/#primaryimage"},"image":{"@id":"https:\/\/www.montelektro.hr\/hr\/ostale-industrije\/#primaryimage"},"thumbnailUrl":"https:\/\/www.montelektro.hr\/wp-content\/uploads\/2025\/06\/shutterstock_1727599432.jpg","datePublished":"2025-01-24T16:04:17+00:00","dateModified":"2026-02-05T12:09:59+00:00","description":"Sveobuhvatna rje\u0161enja automatizacije i digitalizacije prilago\u0111ena razli\u010ditim industrijama \u2013 optimizirajte procese i pove\u0107ajte u\u010dinkovitost.","breadcrumb":{"@id":"https:\/\/www.montelektro.hr\/hr\/ostale-industrije\/#breadcrumb"},"inLanguage":"hr","potentialAction":[{"@type":"ReadAction","target":["https:\/\/www.montelektro.hr\/hr\/ostale-industrije\/"]}]},{"@type":"ImageObject","inLanguage":"hr","@id":"https:\/\/www.montelektro.hr\/hr\/ostale-industrije\/#primaryimage","url":"https:\/\/www.montelektro.hr\/wp-content\/uploads\/2025\/06\/shutterstock_1727599432.jpg","contentUrl":"https:\/\/www.montelektro.hr\/wp-content\/uploads\/2025\/06\/shutterstock_1727599432.jpg","width":1000,"height":563},{"@type":"BreadcrumbList","@id":"https:\/\/www.montelektro.hr\/hr\/ostale-industrije\/#breadcrumb","itemListElement":[{"@type":"ListItem","position":1,"name":"Home","item":"https:\/\/www.montelektro.hr\/hr\/"},{"@type":"ListItem","position":2,"name":"Ostale industrije"}]},{"@type":"WebSite","@id":"https:\/\/www.montelektro.hr\/hr\/#website","url":"https:\/\/www.montelektro.hr\/hr\/","name":"Montelektro","description":"","publisher":{"@id":"https:\/\/www.montelektro.hr\/hr\/#organization"},"potentialAction":[{"@type":"SearchAction","target":{"@type":"EntryPoint","urlTemplate":"https:\/\/www.montelektro.hr\/hr\/?s={search_term_string}"},"query-input":{"@type":"PropertyValueSpecification","valueRequired":true,"valueName":"search_term_string"}}],"inLanguage":"hr"},{"@type":"Organization","@id":"https:\/\/www.montelektro.hr\/hr\/#organization","name":"Montelektro","url":"https:\/\/www.montelektro.hr\/hr\/","logo":{"@type":"ImageObject","inLanguage":"hr","@id":"https:\/\/www.montelektro.hr\/hr\/#\/schema\/logo\/image\/","url":"https:\/\/www.montelektro.hr\/wp-content\/uploads\/2025\/09\/placeholder_img.jpg","contentUrl":"https:\/\/www.montelektro.hr\/wp-content\/uploads\/2025\/09\/placeholder_img.jpg","width":1068,"height":800,"caption":"Montelektro"},"image":{"@id":"https:\/\/www.montelektro.hr\/hr\/#\/schema\/logo\/image\/"}}]}},"_links":{"self":[{"href":"https:\/\/www.montelektro.hr\/hr\/wp-json\/wp\/v2\/pages\/3474","targetHints":{"allow":["GET"]}}],"collection":[{"href":"https:\/\/www.montelektro.hr\/hr\/wp-json\/wp\/v2\/pages"}],"about":[{"href":"https:\/\/www.montelektro.hr\/hr\/wp-json\/wp\/v2\/types\/page"}],"author":[{"embeddable":true,"href":"https:\/\/www.montelektro.hr\/hr\/wp-json\/wp\/v2\/users\/48"}],"replies":[{"embeddable":true,"href":"https:\/\/www.montelektro.hr\/hr\/wp-json\/wp\/v2\/comments?post=3474"}],"version-history":[{"count":4,"href":"https:\/\/www.montelektro.hr\/hr\/wp-json\/wp\/v2\/pages\/3474\/revisions"}],"predecessor-version":[{"id":3482,"href":"https:\/\/www.montelektro.hr\/hr\/wp-json\/wp\/v2\/pages\/3474\/revisions\/3482"}],"wp:featuredmedia":[{"embeddable":true,"href":"https:\/\/www.montelektro.hr\/hr\/wp-json\/wp\/v2\/media\/3312"}],"wp:attachment":[{"href":"https:\/\/www.montelektro.hr\/hr\/wp-json\/wp\/v2\/media?parent=3474"}],"curies":[{"name":"wp","href":"https:\/\/api.w.org\/{rel}","templated":true}]}}